{"id":110,"date":"2025-04-04T20:59:41","date_gmt":"2025-04-04T18:59:41","guid":{"rendered":"https:\/\/lamachinerie.fr\/site\/?page_id=110"},"modified":"2025-04-15T01:03:16","modified_gmt":"2025-04-14T23:03:16","slug":"projets-et-creations","status":"publish","type":"page","link":"https:\/\/lamachinerie.fr\/site\/?page_id=110","title":{"rendered":"projets et cr\u00e9ations"},"content":{"rendered":"\n<figure class=\"wp-block-image size-large is-resized wp-duotone-unset-1\"><img loading=\"lazy\" decoding=\"async\" width=\"1024\" height=\"474\" src=\"https:\/\/lamachinerie.fr\/site\/wp-content\/uploads\/2025\/03\/Vintage-Wolf-Image-GraphicsFairy2-1024x474.png\" alt=\"\" class=\"wp-image-7\" style=\"width:193px;height:auto\" srcset=\"https:\/\/lamachinerie.fr\/site\/wp-content\/uploads\/2025\/03\/Vintage-Wolf-Image-GraphicsFairy2-1024x474.png 1024w, https:\/\/lamachinerie.fr\/site\/wp-content\/uploads\/2025\/03\/Vintage-Wolf-Image-GraphicsFairy2-300x139.png 300w, https:\/\/lamachinerie.fr\/site\/wp-content\/uploads\/2025\/03\/Vintage-Wolf-Image-GraphicsFairy2-768x356.png 768w, https:\/\/lamachinerie.fr\/site\/wp-content\/uploads\/2025\/03\/Vintage-Wolf-Image-GraphicsFairy2.png 1500w\" sizes=\"(max-width: 1024px) 100vw, 1024px\" \/><\/figure>\n\n\n\n<h3 class=\"wp-block-heading\">concerts et musique(s)<\/h3>\n\n\n\n<h4 class=\"wp-block-heading has-text-color has-link-color wp-elements-2990581878273442bc890b1a39c2d23b\" style=\"color:#f74f05\"><a href=\"https:\/\/lamachinerie.fr\/site\/?page_id=26\" data-type=\"page\" data-id=\"26\">american dream<\/a><\/h4>\n\n\n\n<h4 class=\"wp-block-heading has-text-color has-link-color wp-elements-6ee1b7efd8cf8aa3b9a0a873ec6ca315\" style=\"color:#f74f05;font-style:normal;font-weight:100\"><a href=\"https:\/\/lamachinerie.fr\/site\/?page_id=352\" data-type=\"page\" data-id=\"352\">petite arch\u00e9ologie du music-hall<\/a><\/h4>\n\n\n\n<h4 class=\"wp-block-heading is-style-default has-text-color has-link-color wp-elements-12fd2d74fddf2bda58f3e868ba709062\" style=\"color:#f74f05\"><a href=\"https:\/\/lamachinerie.fr\/site\/?page_id=139\" data-type=\"page\" data-id=\"139\">m\u00e9lodies Gainsbourg<\/a><\/h4>\n\n\n\n<h4 class=\"wp-block-heading has-text-color has-link-color wp-elements-49d35d813b62216f513367ce168a388e\" style=\"color:#f74f05\"><a href=\"https:\/\/lamachinerie.fr\/site\/?page_id=164\" data-type=\"page\" data-id=\"164\">FranzKtrio<\/a><\/h4>\n\n\n\n<h4 class=\"wp-block-heading has-text-color has-link-color wp-elements-03f83249e800e421540a7878fac501eb\" style=\"color:#f74f05\"><a href=\"https:\/\/lamachinerie.fr\/site\/?page_id=155\" data-type=\"page\" data-id=\"155\">Snark\/<\/a><\/h4>\n\n\n\n<figure class=\"wp-block-image size-large is-resized wp-duotone-unset-2\"><img loading=\"lazy\" decoding=\"async\" width=\"1024\" height=\"474\" src=\"https:\/\/lamachinerie.fr\/site\/wp-content\/uploads\/2025\/03\/Vintage-Wolf-Image-GraphicsFairy2-1024x474.png\" alt=\"\" class=\"wp-image-7\" style=\"width:198px;height:auto\" srcset=\"https:\/\/lamachinerie.fr\/site\/wp-content\/uploads\/2025\/03\/Vintage-Wolf-Image-GraphicsFairy2-1024x474.png 1024w, https:\/\/lamachinerie.fr\/site\/wp-content\/uploads\/2025\/03\/Vintage-Wolf-Image-GraphicsFairy2-300x139.png 300w, https:\/\/lamachinerie.fr\/site\/wp-content\/uploads\/2025\/03\/Vintage-Wolf-Image-GraphicsFairy2-768x356.png 768w, https:\/\/lamachinerie.fr\/site\/wp-content\/uploads\/2025\/03\/Vintage-Wolf-Image-GraphicsFairy2.png 1500w\" sizes=\"(max-width: 1024px) 100vw, 1024px\" \/><\/figure>\n\n\n\n<h3 class=\"wp-block-heading\">cabarets contemporains <\/h3>\n\n\n\n<h4 class=\"wp-block-heading is-style-default has-text-color has-link-color wp-elements-2c1d96da7f5452dd5687702ee752366e\" style=\"color:#f74f05\"><a href=\"https:\/\/lamachinerie.fr\/site\/?page_id=177\" data-type=\"page\" data-id=\"177\">kabarets kass\u00e9s 1+2<\/a><\/h4>\n\n\n\n<h4 class=\"wp-block-heading has-text-color has-link-color wp-elements-22311c9d0097d8ebb1fdf5dc67842170\" style=\"color:#f74f05\"><a href=\"https:\/\/lamachinerie.fr\/site\/?page_id=357\" data-type=\"page\" data-id=\"357\">Chasser l&rsquo;impossible snark<\/a><\/h4>\n\n\n\n<h4 class=\"wp-block-heading has-text-color has-link-color wp-elements-885fd6f64c5d4b160487f5821d5a29ae\" style=\"color:#f74f05\">autour de Mahu <\/h4>\n\n\n\n<figure class=\"wp-block-image size-large is-resized wp-duotone-unset-3\"><img loading=\"lazy\" decoding=\"async\" width=\"1024\" height=\"474\" src=\"https:\/\/lamachinerie.fr\/site\/wp-content\/uploads\/2025\/03\/Vintage-Wolf-Image-GraphicsFairy2-1024x474.png\" alt=\"\" class=\"wp-image-7\" style=\"width:193px;height:auto\" srcset=\"https:\/\/lamachinerie.fr\/site\/wp-content\/uploads\/2025\/03\/Vintage-Wolf-Image-GraphicsFairy2-1024x474.png 1024w, https:\/\/lamachinerie.fr\/site\/wp-content\/uploads\/2025\/03\/Vintage-Wolf-Image-GraphicsFairy2-300x139.png 300w, https:\/\/lamachinerie.fr\/site\/wp-content\/uploads\/2025\/03\/Vintage-Wolf-Image-GraphicsFairy2-768x356.png 768w, https:\/\/lamachinerie.fr\/site\/wp-content\/uploads\/2025\/03\/Vintage-Wolf-Image-GraphicsFairy2.png 1500w\" sizes=\"(max-width: 1024px) 100vw, 1024px\" \/><\/figure>\n\n\n\n<h3 class=\"wp-block-heading\">spectacles musicaux<\/h3>\n\n\n\n<h4 class=\"wp-block-heading has-text-color has-link-color wp-elements-8bcb2e96bd36f9c39156ea9b48052ee6\" style=\"color:#f74f05\"><a href=\"https:\/\/lamachinerie.fr\/site\/?page_id=220\" data-type=\"page\" data-id=\"220\">cabaret alice<\/a><\/h4>\n","protected":false},"excerpt":{"rendered":"<p>concerts et musique(s) american dream petite arch\u00e9ologie du music-hall m\u00e9lodies Gainsbourg FranzKtrio Snark\/ cabarets contemporains kabarets kass\u00e9s 1+2 Chasser l&rsquo;impossible snark autour de Mahu spectacles musicaux cabaret alice<\/p>\n","protected":false},"author":1,"featured_media":0,"parent":0,"menu_order":0,"comment_status":"closed","ping_status":"closed","template":"","meta":{"footnotes":""},"yoast_head":"<!-- This site is optimized with the Yoast SEO plugin v18.0 - https:\/\/yoast.com\/wordpress\/plugins\/seo\/ -->\n<meta name=\"robots\" content=\"index, follow, max-snippet:-1, max-image-preview:large, max-video-preview:-1\" \/>\n<link rel=\"canonical\" href=\"https:\/\/lamachinerie.fr\/site\/?page_id=110\" \/>\n<meta property=\"og:locale\" content=\"fr_FR\" \/>\n<meta property=\"og:type\" content=\"article\" \/>\n<meta property=\"og:title\" content=\"projets et cr\u00e9ations - collectif la machinerie - fabrications sc\u00e9niques et musicales\" \/>\n<meta property=\"og:description\" content=\"concerts et musique(s) american dream petite arch\u00e9ologie du music-hall m\u00e9lodies Gainsbourg FranzKtrio Snark\/ cabarets contemporains kabarets kass\u00e9s 1+2 Chasser l&rsquo;impossible snark autour de Mahu spectacles musicaux cabaret alice\" \/>\n<meta property=\"og:url\" content=\"https:\/\/lamachinerie.fr\/site\/?page_id=110\" \/>\n<meta property=\"og:site_name\" content=\"collectif la machinerie - fabrications sc\u00e9niques et musicales\" \/>\n<meta property=\"article:modified_time\" content=\"2025-04-14T23:03:16+00:00\" \/>\n<meta property=\"og:image\" content=\"https:\/\/lamachinerie.fr\/site\/wp-content\/uploads\/2025\/03\/Vintage-Wolf-Image-GraphicsFairy2-1024x474.png\" \/>\n<meta name=\"twitter:card\" content=\"summary_large_image\" \/>\n<script type=\"application\/ld+json\" class=\"yoast-schema-graph\">{\"@context\":\"https:\/\/schema.org\",\"@graph\":[{\"@type\":\"Organization\",\"@id\":\"https:\/\/lamachinerie.fr\/site\/#organization\",\"name\":\"COLLECTIF LA MACHINERIE\",\"url\":\"https:\/\/lamachinerie.fr\/site\/\",\"sameAs\":[],\"logo\":{\"@type\":\"ImageObject\",\"@id\":\"https:\/\/lamachinerie.fr\/site\/#logo\",\"inLanguage\":\"fr-FR\",\"url\":\"https:\/\/lamachinerie.fr\/site\/wp-content\/uploads\/2026\/02\/logo_72.jpg\",\"contentUrl\":\"https:\/\/lamachinerie.fr\/site\/wp-content\/uploads\/2026\/02\/logo_72.jpg\",\"width\":800,\"height\":474,\"caption\":\"COLLECTIF LA MACHINERIE\"},\"image\":{\"@id\":\"https:\/\/lamachinerie.fr\/site\/#logo\"}},{\"@type\":\"WebSite\",\"@id\":\"https:\/\/lamachinerie.fr\/site\/#website\",\"url\":\"https:\/\/lamachinerie.fr\/site\/\",\"name\":\"collectif la machinerie - fabrications sc\u00e9niques et musicales\",\"description\":\"fabrications sc\u00e9niques et musicales\",\"publisher\":{\"@id\":\"https:\/\/lamachinerie.fr\/site\/#organization\"},\"potentialAction\":[{\"@type\":\"SearchAction\",\"target\":{\"@type\":\"EntryPoint\",\"urlTemplate\":\"https:\/\/lamachinerie.fr\/site\/?s={search_term_string}\"},\"query-input\":\"required name=search_term_string\"}],\"inLanguage\":\"fr-FR\"},{\"@type\":\"ImageObject\",\"@id\":\"https:\/\/lamachinerie.fr\/site\/?page_id=110#primaryimage\",\"inLanguage\":\"fr-FR\",\"url\":\"https:\/\/lamachinerie.fr\/site\/wp-content\/uploads\/2025\/03\/Vintage-Wolf-Image-GraphicsFairy2.png\",\"contentUrl\":\"https:\/\/lamachinerie.fr\/site\/wp-content\/uploads\/2025\/03\/Vintage-Wolf-Image-GraphicsFairy2.png\",\"width\":1500,\"height\":695},{\"@type\":\"WebPage\",\"@id\":\"https:\/\/lamachinerie.fr\/site\/?page_id=110#webpage\",\"url\":\"https:\/\/lamachinerie.fr\/site\/?page_id=110\",\"name\":\"projets et cr\u00e9ations - collectif la machinerie - fabrications sc\u00e9niques et musicales\",\"isPartOf\":{\"@id\":\"https:\/\/lamachinerie.fr\/site\/#website\"},\"primaryImageOfPage\":{\"@id\":\"https:\/\/lamachinerie.fr\/site\/?page_id=110#primaryimage\"},\"datePublished\":\"2025-04-04T18:59:41+00:00\",\"dateModified\":\"2025-04-14T23:03:16+00:00\",\"breadcrumb\":{\"@id\":\"https:\/\/lamachinerie.fr\/site\/?page_id=110#breadcrumb\"},\"inLanguage\":\"fr-FR\",\"potentialAction\":[{\"@type\":\"ReadAction\",\"target\":[\"https:\/\/lamachinerie.fr\/site\/?page_id=110\"]}]},{\"@type\":\"BreadcrumbList\",\"@id\":\"https:\/\/lamachinerie.fr\/site\/?page_id=110#breadcrumb\",\"itemListElement\":[{\"@type\":\"ListItem\",\"position\":1,\"name\":\"Accueil\",\"item\":\"https:\/\/lamachinerie.fr\/site\"},{\"@type\":\"ListItem\",\"position\":2,\"name\":\"projets et cr\u00e9ations\"}]}]}<\/script>\n<!-- \/ Yoast SEO plugin. -->","yoast_head_json":{"robots":{"index":"index","follow":"follow","max-snippet":"max-snippet:-1","max-image-preview":"max-image-preview:large","max-video-preview":"max-video-preview:-1"},"canonical":"https:\/\/lamachinerie.fr\/site\/?page_id=110","og_locale":"fr_FR","og_type":"article","og_title":"projets et cr\u00e9ations - collectif la machinerie - fabrications sc\u00e9niques et musicales","og_description":"concerts et musique(s) american dream petite arch\u00e9ologie du music-hall m\u00e9lodies Gainsbourg FranzKtrio Snark\/ cabarets contemporains kabarets kass\u00e9s 1+2 Chasser l&rsquo;impossible snark autour de Mahu spectacles musicaux cabaret alice","og_url":"https:\/\/lamachinerie.fr\/site\/?page_id=110","og_site_name":"collectif la machinerie - fabrications sc\u00e9niques et musicales","article_modified_time":"2025-04-14T23:03:16+00:00","og_image":[{"url":"https:\/\/lamachinerie.fr\/site\/wp-content\/uploads\/2025\/03\/Vintage-Wolf-Image-GraphicsFairy2-1024x474.png"}],"twitter_card":"summary_large_image","schema":{"@context":"https:\/\/schema.org","@graph":[{"@type":"Organization","@id":"https:\/\/lamachinerie.fr\/site\/#organization","name":"COLLECTIF LA MACHINERIE","url":"https:\/\/lamachinerie.fr\/site\/","sameAs":[],"logo":{"@type":"ImageObject","@id":"https:\/\/lamachinerie.fr\/site\/#logo","inLanguage":"fr-FR","url":"https:\/\/lamachinerie.fr\/site\/wp-content\/uploads\/2026\/02\/logo_72.jpg","contentUrl":"https:\/\/lamachinerie.fr\/site\/wp-content\/uploads\/2026\/02\/logo_72.jpg","width":800,"height":474,"caption":"COLLECTIF LA MACHINERIE"},"image":{"@id":"https:\/\/lamachinerie.fr\/site\/#logo"}},{"@type":"WebSite","@id":"https:\/\/lamachinerie.fr\/site\/#website","url":"https:\/\/lamachinerie.fr\/site\/","name":"collectif la machinerie - fabrications sc\u00e9niques et musicales","description":"fabrications sc\u00e9niques et musicales","publisher":{"@id":"https:\/\/lamachinerie.fr\/site\/#organization"},"potentialAction":[{"@type":"SearchAction","target":{"@type":"EntryPoint","urlTemplate":"https:\/\/lamachinerie.fr\/site\/?s={search_term_string}"},"query-input":"required name=search_term_string"}],"inLanguage":"fr-FR"},{"@type":"ImageObject","@id":"https:\/\/lamachinerie.fr\/site\/?page_id=110#primaryimage","inLanguage":"fr-FR","url":"https:\/\/lamachinerie.fr\/site\/wp-content\/uploads\/2025\/03\/Vintage-Wolf-Image-GraphicsFairy2.png","contentUrl":"https:\/\/lamachinerie.fr\/site\/wp-content\/uploads\/2025\/03\/Vintage-Wolf-Image-GraphicsFairy2.png","width":1500,"height":695},{"@type":"WebPage","@id":"https:\/\/lamachinerie.fr\/site\/?page_id=110#webpage","url":"https:\/\/lamachinerie.fr\/site\/?page_id=110","name":"projets et cr\u00e9ations - collectif la machinerie - fabrications sc\u00e9niques et musicales","isPartOf":{"@id":"https:\/\/lamachinerie.fr\/site\/#website"},"primaryImageOfPage":{"@id":"https:\/\/lamachinerie.fr\/site\/?page_id=110#primaryimage"},"datePublished":"2025-04-04T18:59:41+00:00","dateModified":"2025-04-14T23:03:16+00:00","breadcrumb":{"@id":"https:\/\/lamachinerie.fr\/site\/?page_id=110#breadcrumb"},"inLanguage":"fr-FR","potentialAction":[{"@type":"ReadAction","target":["https:\/\/lamachinerie.fr\/site\/?page_id=110"]}]},{"@type":"BreadcrumbList","@id":"https:\/\/lamachinerie.fr\/site\/?page_id=110#breadcrumb","itemListElement":[{"@type":"ListItem","position":1,"name":"Accueil","item":"https:\/\/lamachinerie.fr\/site"},{"@type":"ListItem","position":2,"name":"projets et cr\u00e9ations"}]}]}},"_links":{"self":[{"href":"https:\/\/lamachinerie.fr\/site\/index.php?rest_route=\/wp\/v2\/pages\/110"}],"collection":[{"href":"https:\/\/lamachinerie.fr\/site\/index.php?rest_route=\/wp\/v2\/pages"}],"about":[{"href":"https:\/\/lamachinerie.fr\/site\/index.php?rest_route=\/wp\/v2\/types\/page"}],"author":[{"embeddable":true,"href":"https:\/\/lamachinerie.fr\/site\/index.php?rest_route=\/wp\/v2\/users\/1"}],"replies":[{"embeddable":true,"href":"https:\/\/lamachinerie.fr\/site\/index.php?rest_route=%2Fwp%2Fv2%2Fcomments&post=110"}],"version-history":[{"count":11,"href":"https:\/\/lamachinerie.fr\/site\/index.php?rest_route=\/wp\/v2\/pages\/110\/revisions"}],"predecessor-version":[{"id":370,"href":"https:\/\/lamachinerie.fr\/site\/index.php?rest_route=\/wp\/v2\/pages\/110\/revisions\/370"}],"wp:attachment":[{"href":"https:\/\/lamachinerie.fr\/site\/index.php?rest_route=%2Fwp%2Fv2%2Fmedia&parent=110"}],"curies":[{"name":"wp","href":"https:\/\/api.w.org\/{rel}","templated":true}]}}