{"id":139,"date":"2025-04-05T00:15:58","date_gmt":"2025-04-04T22:15:58","guid":{"rendered":"https:\/\/lamachinerie.fr\/site\/?page_id=139"},"modified":"2025-04-10T18:04:14","modified_gmt":"2025-04-10T16:04:14","slug":"melodies-gainsbourg","status":"publish","type":"page","link":"https:\/\/lamachinerie.fr\/site\/?page_id=139","title":{"rendered":"m\u00e9lodies gainsbourg"},"content":{"rendered":"\n<p class=\"has-text-color has-link-color has-body-font-family wp-elements-d1ec35612a5a424fcb1da0b564b39e0a\" style=\"color:#f15a0ded;font-size:clamp(0.875rem, 0.875rem + ((1vw - 0.2rem) * 0.208), 1rem);font-style:italic;font-weight:200\">Entre musique de chambre et flamboyance rock\u2028 le FRANZ.K revisite la magie Gainsbourg dans un format \u00e9pur\u00e9, qui c\u00e9l\u00e8bre l\u2019envo\u00fbtante\u2028 beaut\u00e9 des textes, l\u2019alchimie totale des mots et des m\u00e9lodies,\u2028 l\u2019humour et la f\u00ealure d\u2019un&nbsp;univers sensuel, unique et magn\u00e9tique.<\/p>\n\n\n\n<figure class=\"wp-block-image size-large is-resized\"><img loading=\"lazy\" decoding=\"async\" width=\"1024\" height=\"683\" src=\"https:\/\/lamachinerie.fr\/site\/wp-content\/uploads\/2025\/04\/MeloG_graphique_web-1-1024x683.jpg\" alt=\"\" class=\"wp-image-143\" style=\"width:620px;height:auto\" srcset=\"https:\/\/lamachinerie.fr\/site\/wp-content\/uploads\/2025\/04\/MeloG_graphique_web-1-1024x683.jpg 1024w, https:\/\/lamachinerie.fr\/site\/wp-content\/uploads\/2025\/04\/MeloG_graphique_web-1-300x200.jpg 300w, https:\/\/lamachinerie.fr\/site\/wp-content\/uploads\/2025\/04\/MeloG_graphique_web-1-768x512.jpg 768w, https:\/\/lamachinerie.fr\/site\/wp-content\/uploads\/2025\/04\/MeloG_graphique_web-1.jpg 1200w\" sizes=\"(max-width: 1024px) 100vw, 1024px\" \/><figcaption class=\"wp-element-caption\">photo sylvain solaro studio MidiLive<\/figcaption><\/figure>\n\n\n\n<p class=\"has-text-color has-link-color has-body-font-family wp-elements-286c8c06be66f9f078c14277e8c2bf6c\" style=\"color:#f15a0ded;font-size:14px;font-style:normal;font-weight:100\"><strong>franca cuomo<\/strong> voix<br><strong>cyril trochu <\/strong>piano<br><strong>sylvain solaro<\/strong> photos, vid\u00e9os<br><strong>guillaume billaux <\/strong>ing\u00e9nieur du son, enregistrement, mixage et mastering<br><strong>charly thicot<\/strong> lumi\u00e8res<\/p>\n\n\n\n<figure class=\"wp-block-embed is-type-video is-provider-vimeo wp-block-embed-vimeo wp-embed-aspect-16-9 wp-has-aspect-ratio\"><div class=\"wp-block-embed__wrapper\">\n<iframe loading=\"lazy\" title=\"m\u00e9lodies GAINSBOURG - Harley Davidson\" src=\"https:\/\/player.vimeo.com\/video\/181337266?dnt=1&amp;app_id=122963\" width=\"500\" height=\"281\" frameborder=\"0\" allow=\"autoplay; fullscreen; picture-in-picture; clipboard-write; encrypted-media\"><\/iframe>\n<\/div><\/figure>\n\n\n\n<figure class=\"wp-block-embed is-type-video is-provider-vimeo wp-block-embed-vimeo wp-embed-aspect-16-9 wp-has-aspect-ratio\"><div class=\"wp-block-embed__wrapper\">\n<iframe loading=\"lazy\" title=\"AH ! MELODY\" src=\"https:\/\/player.vimeo.com\/video\/167821000?dnt=1&amp;app_id=122963\" width=\"500\" height=\"281\" frameborder=\"0\" allow=\"autoplay; fullscreen; picture-in-picture; clipboard-write; encrypted-media\"><\/iframe>\n<\/div><\/figure>\n\n\n\n<figure class=\"wp-block-embed is-type-video is-provider-vimeo wp-block-embed-vimeo wp-embed-aspect-16-9 wp-has-aspect-ratio\"><div class=\"wp-block-embed__wrapper\">\n<iframe loading=\"lazy\" title=\"m\u00e9lodies GAINSBOURG - Valse de Melody\" src=\"https:\/\/player.vimeo.com\/video\/163608727?dnt=1&amp;app_id=122963\" width=\"500\" height=\"281\" frameborder=\"0\" allow=\"autoplay; fullscreen; picture-in-picture; clipboard-write; encrypted-media\"><\/iframe>\n<\/div><\/figure>\n","protected":false},"excerpt":{"rendered":"<p>Entre musique de chambre et flamboyance rock\u2028 le FRANZ.K revisite la magie Gainsbourg dans un format \u00e9pur\u00e9, qui c\u00e9l\u00e8bre l\u2019envo\u00fbtante\u2028 beaut\u00e9 des textes, l\u2019alchimie totale des mots et des m\u00e9lodies,\u2028 l\u2019humour et la f\u00ealure d\u2019un&nbsp;univers sensuel, unique et magn\u00e9tique. franca cuomo voixcyril trochu pianosylvain solaro photos, vid\u00e9osguillaume billaux ing\u00e9nieur du son, enregistrement, mixage et masteringcharly [&hellip;]<\/p>\n","protected":false},"author":1,"featured_media":0,"parent":0,"menu_order":0,"comment_status":"closed","ping_status":"closed","template":"","meta":{"footnotes":""},"yoast_head":"<!-- This site is optimized with the Yoast SEO plugin v18.0 - https:\/\/yoast.com\/wordpress\/plugins\/seo\/ -->\n<meta name=\"robots\" content=\"index, follow, max-snippet:-1, max-image-preview:large, max-video-preview:-1\" \/>\n<link rel=\"canonical\" href=\"https:\/\/lamachinerie.fr\/site\/?page_id=139\" \/>\n<meta property=\"og:locale\" content=\"fr_FR\" \/>\n<meta property=\"og:type\" content=\"article\" \/>\n<meta property=\"og:title\" content=\"m\u00e9lodies gainsbourg - collectif la machinerie - fabrications sc\u00e9niques et musicales\" \/>\n<meta property=\"og:description\" content=\"Entre musique de chambre et flamboyance rock\u2028 le FRANZ.K revisite la magie Gainsbourg dans un format \u00e9pur\u00e9, qui c\u00e9l\u00e8bre l\u2019envo\u00fbtante\u2028 beaut\u00e9 des textes, l\u2019alchimie totale des mots et des m\u00e9lodies,\u2028 l\u2019humour et la f\u00ealure d\u2019un&nbsp;univers sensuel, unique et magn\u00e9tique. franca cuomo voixcyril trochu pianosylvain solaro photos, vid\u00e9osguillaume billaux ing\u00e9nieur du son, enregistrement, mixage et masteringcharly [&hellip;]\" \/>\n<meta property=\"og:url\" content=\"https:\/\/lamachinerie.fr\/site\/?page_id=139\" \/>\n<meta property=\"og:site_name\" content=\"collectif la machinerie - fabrications sc\u00e9niques et musicales\" \/>\n<meta property=\"article:modified_time\" content=\"2025-04-10T16:04:14+00:00\" \/>\n<meta property=\"og:image\" content=\"https:\/\/lamachinerie.fr\/site\/wp-content\/uploads\/2025\/04\/MeloG_graphique_web-1-1024x683.jpg\" \/>\n<meta name=\"twitter:card\" content=\"summary_large_image\" \/>\n<script type=\"application\/ld+json\" class=\"yoast-schema-graph\">{\"@context\":\"https:\/\/schema.org\",\"@graph\":[{\"@type\":\"Organization\",\"@id\":\"https:\/\/lamachinerie.fr\/site\/#organization\",\"name\":\"COLLECTIF LA MACHINERIE\",\"url\":\"https:\/\/lamachinerie.fr\/site\/\",\"sameAs\":[],\"logo\":{\"@type\":\"ImageObject\",\"@id\":\"https:\/\/lamachinerie.fr\/site\/#logo\",\"inLanguage\":\"fr-FR\",\"url\":\"https:\/\/lamachinerie.fr\/site\/wp-content\/uploads\/2026\/02\/logo_72.jpg\",\"contentUrl\":\"https:\/\/lamachinerie.fr\/site\/wp-content\/uploads\/2026\/02\/logo_72.jpg\",\"width\":800,\"height\":474,\"caption\":\"COLLECTIF LA MACHINERIE\"},\"image\":{\"@id\":\"https:\/\/lamachinerie.fr\/site\/#logo\"}},{\"@type\":\"WebSite\",\"@id\":\"https:\/\/lamachinerie.fr\/site\/#website\",\"url\":\"https:\/\/lamachinerie.fr\/site\/\",\"name\":\"collectif la machinerie - fabrications sc\u00e9niques et musicales\",\"description\":\"fabrications sc\u00e9niques et musicales\",\"publisher\":{\"@id\":\"https:\/\/lamachinerie.fr\/site\/#organization\"},\"potentialAction\":[{\"@type\":\"SearchAction\",\"target\":{\"@type\":\"EntryPoint\",\"urlTemplate\":\"https:\/\/lamachinerie.fr\/site\/?s={search_term_string}\"},\"query-input\":\"required name=search_term_string\"}],\"inLanguage\":\"fr-FR\"},{\"@type\":\"ImageObject\",\"@id\":\"https:\/\/lamachinerie.fr\/site\/?page_id=139#primaryimage\",\"inLanguage\":\"fr-FR\",\"url\":\"https:\/\/lamachinerie.fr\/site\/wp-content\/uploads\/2025\/04\/MeloG_graphique_web-1.jpg\",\"contentUrl\":\"https:\/\/lamachinerie.fr\/site\/wp-content\/uploads\/2025\/04\/MeloG_graphique_web-1.jpg\",\"width\":1200,\"height\":800},{\"@type\":\"WebPage\",\"@id\":\"https:\/\/lamachinerie.fr\/site\/?page_id=139#webpage\",\"url\":\"https:\/\/lamachinerie.fr\/site\/?page_id=139\",\"name\":\"m\u00e9lodies gainsbourg - collectif la machinerie - fabrications sc\u00e9niques et musicales\",\"isPartOf\":{\"@id\":\"https:\/\/lamachinerie.fr\/site\/#website\"},\"primaryImageOfPage\":{\"@id\":\"https:\/\/lamachinerie.fr\/site\/?page_id=139#primaryimage\"},\"datePublished\":\"2025-04-04T22:15:58+00:00\",\"dateModified\":\"2025-04-10T16:04:14+00:00\",\"breadcrumb\":{\"@id\":\"https:\/\/lamachinerie.fr\/site\/?page_id=139#breadcrumb\"},\"inLanguage\":\"fr-FR\",\"potentialAction\":[{\"@type\":\"ReadAction\",\"target\":[\"https:\/\/lamachinerie.fr\/site\/?page_id=139\"]}]},{\"@type\":\"BreadcrumbList\",\"@id\":\"https:\/\/lamachinerie.fr\/site\/?page_id=139#breadcrumb\",\"itemListElement\":[{\"@type\":\"ListItem\",\"position\":1,\"name\":\"Accueil\",\"item\":\"https:\/\/lamachinerie.fr\/site\"},{\"@type\":\"ListItem\",\"position\":2,\"name\":\"m\u00e9lodies gainsbourg\"}]}]}<\/script>\n<!-- \/ Yoast SEO plugin. -->","yoast_head_json":{"robots":{"index":"index","follow":"follow","max-snippet":"max-snippet:-1","max-image-preview":"max-image-preview:large","max-video-preview":"max-video-preview:-1"},"canonical":"https:\/\/lamachinerie.fr\/site\/?page_id=139","og_locale":"fr_FR","og_type":"article","og_title":"m\u00e9lodies gainsbourg - collectif la machinerie - fabrications sc\u00e9niques et musicales","og_description":"Entre musique de chambre et flamboyance rock\u2028 le FRANZ.K revisite la magie Gainsbourg dans un format \u00e9pur\u00e9, qui c\u00e9l\u00e8bre l\u2019envo\u00fbtante\u2028 beaut\u00e9 des textes, l\u2019alchimie totale des mots et des m\u00e9lodies,\u2028 l\u2019humour et la f\u00ealure d\u2019un&nbsp;univers sensuel, unique et magn\u00e9tique. franca cuomo voixcyril trochu pianosylvain solaro photos, vid\u00e9osguillaume billaux ing\u00e9nieur du son, enregistrement, mixage et masteringcharly [&hellip;]","og_url":"https:\/\/lamachinerie.fr\/site\/?page_id=139","og_site_name":"collectif la machinerie - fabrications sc\u00e9niques et musicales","article_modified_time":"2025-04-10T16:04:14+00:00","og_image":[{"url":"https:\/\/lamachinerie.fr\/site\/wp-content\/uploads\/2025\/04\/MeloG_graphique_web-1-1024x683.jpg"}],"twitter_card":"summary_large_image","schema":{"@context":"https:\/\/schema.org","@graph":[{"@type":"Organization","@id":"https:\/\/lamachinerie.fr\/site\/#organization","name":"COLLECTIF LA MACHINERIE","url":"https:\/\/lamachinerie.fr\/site\/","sameAs":[],"logo":{"@type":"ImageObject","@id":"https:\/\/lamachinerie.fr\/site\/#logo","inLanguage":"fr-FR","url":"https:\/\/lamachinerie.fr\/site\/wp-content\/uploads\/2026\/02\/logo_72.jpg","contentUrl":"https:\/\/lamachinerie.fr\/site\/wp-content\/uploads\/2026\/02\/logo_72.jpg","width":800,"height":474,"caption":"COLLECTIF LA MACHINERIE"},"image":{"@id":"https:\/\/lamachinerie.fr\/site\/#logo"}},{"@type":"WebSite","@id":"https:\/\/lamachinerie.fr\/site\/#website","url":"https:\/\/lamachinerie.fr\/site\/","name":"collectif la machinerie - fabrications sc\u00e9niques et musicales","description":"fabrications sc\u00e9niques et musicales","publisher":{"@id":"https:\/\/lamachinerie.fr\/site\/#organization"},"potentialAction":[{"@type":"SearchAction","target":{"@type":"EntryPoint","urlTemplate":"https:\/\/lamachinerie.fr\/site\/?s={search_term_string}"},"query-input":"required name=search_term_string"}],"inLanguage":"fr-FR"},{"@type":"ImageObject","@id":"https:\/\/lamachinerie.fr\/site\/?page_id=139#primaryimage","inLanguage":"fr-FR","url":"https:\/\/lamachinerie.fr\/site\/wp-content\/uploads\/2025\/04\/MeloG_graphique_web-1.jpg","contentUrl":"https:\/\/lamachinerie.fr\/site\/wp-content\/uploads\/2025\/04\/MeloG_graphique_web-1.jpg","width":1200,"height":800},{"@type":"WebPage","@id":"https:\/\/lamachinerie.fr\/site\/?page_id=139#webpage","url":"https:\/\/lamachinerie.fr\/site\/?page_id=139","name":"m\u00e9lodies gainsbourg - collectif la machinerie - fabrications sc\u00e9niques et musicales","isPartOf":{"@id":"https:\/\/lamachinerie.fr\/site\/#website"},"primaryImageOfPage":{"@id":"https:\/\/lamachinerie.fr\/site\/?page_id=139#primaryimage"},"datePublished":"2025-04-04T22:15:58+00:00","dateModified":"2025-04-10T16:04:14+00:00","breadcrumb":{"@id":"https:\/\/lamachinerie.fr\/site\/?page_id=139#breadcrumb"},"inLanguage":"fr-FR","potentialAction":[{"@type":"ReadAction","target":["https:\/\/lamachinerie.fr\/site\/?page_id=139"]}]},{"@type":"BreadcrumbList","@id":"https:\/\/lamachinerie.fr\/site\/?page_id=139#breadcrumb","itemListElement":[{"@type":"ListItem","position":1,"name":"Accueil","item":"https:\/\/lamachinerie.fr\/site"},{"@type":"ListItem","position":2,"name":"m\u00e9lodies gainsbourg"}]}]}},"_links":{"self":[{"href":"https:\/\/lamachinerie.fr\/site\/index.php?rest_route=\/wp\/v2\/pages\/139"}],"collection":[{"href":"https:\/\/lamachinerie.fr\/site\/index.php?rest_route=\/wp\/v2\/pages"}],"about":[{"href":"https:\/\/lamachinerie.fr\/site\/index.php?rest_route=\/wp\/v2\/types\/page"}],"author":[{"embeddable":true,"href":"https:\/\/lamachinerie.fr\/site\/index.php?rest_route=\/wp\/v2\/users\/1"}],"replies":[{"embeddable":true,"href":"https:\/\/lamachinerie.fr\/site\/index.php?rest_route=%2Fwp%2Fv2%2Fcomments&post=139"}],"version-history":[{"count":7,"href":"https:\/\/lamachinerie.fr\/site\/index.php?rest_route=\/wp\/v2\/pages\/139\/revisions"}],"predecessor-version":[{"id":180,"href":"https:\/\/lamachinerie.fr\/site\/index.php?rest_route=\/wp\/v2\/pages\/139\/revisions\/180"}],"wp:attachment":[{"href":"https:\/\/lamachinerie.fr\/site\/index.php?rest_route=%2Fwp%2Fv2%2Fmedia&parent=139"}],"curies":[{"name":"wp","href":"https:\/\/api.w.org\/{rel}","templated":true}]}}