{"id":190,"date":"2025-04-10T18:47:51","date_gmt":"2025-04-10T16:47:51","guid":{"rendered":"https:\/\/lamachinerie.fr\/site\/?page_id=190"},"modified":"2025-04-15T00:21:58","modified_gmt":"2025-04-14T22:21:58","slug":"presse","status":"publish","type":"page","link":"https:\/\/lamachinerie.fr\/site\/?page_id=190","title":{"rendered":"presse"},"content":{"rendered":"\n<blockquote class=\"wp-block-quote has-body-font-family is-layout-flow wp-block-quote-is-layout-flow\" style=\"font-size:14px;font-style:normal;font-weight:100\">\n<p class=\"has-body-font-family\" style=\"font-size:14px;font-style:italic;font-weight:100\">\u00abLe Collectif lamachinerie porte bien son nom : ils sont plusieurs, pas toujours les m\u00eames, \u00e0 machiner ensemble des objets, disons, des spectacles qui ne ressemblent \u00e0 rien et qui ne cherchent pas \u00e0 ressembler, sinon \u00e0 ce qui leur tient \u00e0 coeur (et \u00e0 cris), l\u00e0, maintenant, au moment o\u00f9 ils sont en train de le faire\u00bb<\/p>\n<cite>Christine Friedel, Plaisir(s) Journal du Ch\u00e2teau de la Roche-Guyon<\/cite><\/blockquote>\n\n\n\n<figure class=\"wp-block-image size-large is-resized\"><img loading=\"lazy\" decoding=\"async\" width=\"1024\" height=\"474\" src=\"https:\/\/lamachinerie.fr\/site\/wp-content\/uploads\/2025\/03\/Vintage-Wolf-Image-GraphicsFairy2-1024x474.png\" alt=\"\" class=\"wp-image-7\" style=\"width:281px;height:auto\" srcset=\"https:\/\/lamachinerie.fr\/site\/wp-content\/uploads\/2025\/03\/Vintage-Wolf-Image-GraphicsFairy2-1024x474.png 1024w, https:\/\/lamachinerie.fr\/site\/wp-content\/uploads\/2025\/03\/Vintage-Wolf-Image-GraphicsFairy2-300x139.png 300w, https:\/\/lamachinerie.fr\/site\/wp-content\/uploads\/2025\/03\/Vintage-Wolf-Image-GraphicsFairy2-768x356.png 768w, https:\/\/lamachinerie.fr\/site\/wp-content\/uploads\/2025\/03\/Vintage-Wolf-Image-GraphicsFairy2.png 1500w\" sizes=\"(max-width: 1024px) 100vw, 1024px\" \/><\/figure>\n\n\n\n<ul style=\"font-size:14px;font-style:normal;font-weight:100\" class=\"has-body-font-family\">\n<li><a href=\"https:\/\/lamachinerie.fr\/site\/?page_id=202\" data-type=\"page\" data-id=\"202\">FRANZKTRIO<\/a><\/li>\n\n\n\n<li><a href=\"https:\/\/lamachinerie.fr\/site\/?page_id=342\" data-type=\"page\" data-id=\"342\">CABARET ALICE<\/a><\/li>\n\n\n\n<li><a href=\"https:\/\/lamachinerie.fr\/site\/?page_id=347\" data-type=\"page\" data-id=\"347\">KABARETS KASS\u00c9S<\/a><\/li>\n\n\n\n<li><a href=\"https:\/\/lamachinerie.fr\/site\/?page_id=206\" data-type=\"page\" data-id=\"206\">Snark\/<\/a><\/li>\n<\/ul>\n","protected":false},"excerpt":{"rendered":"<p>\u00abLe Collectif lamachinerie porte bien son nom : ils sont plusieurs, pas toujours les m\u00eames, \u00e0 machiner ensemble des objets, disons, des spectacles qui ne ressemblent \u00e0 rien et qui ne cherchent pas \u00e0 ressembler, sinon \u00e0 ce qui leur tient \u00e0 coeur (et \u00e0 cris), l\u00e0, maintenant, au moment o\u00f9 ils sont en train [&hellip;]<\/p>\n","protected":false},"author":1,"featured_media":0,"parent":0,"menu_order":0,"comment_status":"closed","ping_status":"closed","template":"","meta":{"footnotes":""},"yoast_head":"<!-- This site is optimized with the Yoast SEO plugin v18.0 - https:\/\/yoast.com\/wordpress\/plugins\/seo\/ -->\n<meta name=\"robots\" content=\"index, follow, max-snippet:-1, max-image-preview:large, max-video-preview:-1\" \/>\n<link rel=\"canonical\" href=\"https:\/\/lamachinerie.fr\/site\/?page_id=190\" \/>\n<meta property=\"og:locale\" content=\"fr_FR\" \/>\n<meta property=\"og:type\" content=\"article\" \/>\n<meta property=\"og:title\" content=\"presse - collectif la machinerie - fabrications sc\u00e9niques et musicales\" \/>\n<meta property=\"og:description\" content=\"\u00abLe Collectif lamachinerie porte bien son nom : ils sont plusieurs, pas toujours les m\u00eames, \u00e0 machiner ensemble des objets, disons, des spectacles qui ne ressemblent \u00e0 rien et qui ne cherchent pas \u00e0 ressembler, sinon \u00e0 ce qui leur tient \u00e0 coeur (et \u00e0 cris), l\u00e0, maintenant, au moment o\u00f9 ils sont en train [&hellip;]\" \/>\n<meta property=\"og:url\" content=\"https:\/\/lamachinerie.fr\/site\/?page_id=190\" \/>\n<meta property=\"og:site_name\" content=\"collectif la machinerie - fabrications sc\u00e9niques et musicales\" \/>\n<meta property=\"article:modified_time\" content=\"2025-04-14T22:21:58+00:00\" \/>\n<meta property=\"og:image\" content=\"https:\/\/lamachinerie.fr\/site\/wp-content\/uploads\/2025\/03\/Vintage-Wolf-Image-GraphicsFairy2-1024x474.png\" \/>\n<meta name=\"twitter:card\" content=\"summary_large_image\" \/>\n<script type=\"application\/ld+json\" class=\"yoast-schema-graph\">{\"@context\":\"https:\/\/schema.org\",\"@graph\":[{\"@type\":\"Organization\",\"@id\":\"https:\/\/lamachinerie.fr\/site\/#organization\",\"name\":\"COLLECTIF LA MACHINERIE\",\"url\":\"https:\/\/lamachinerie.fr\/site\/\",\"sameAs\":[],\"logo\":{\"@type\":\"ImageObject\",\"@id\":\"https:\/\/lamachinerie.fr\/site\/#logo\",\"inLanguage\":\"fr-FR\",\"url\":\"https:\/\/lamachinerie.fr\/site\/wp-content\/uploads\/2026\/02\/logo_72.jpg\",\"contentUrl\":\"https:\/\/lamachinerie.fr\/site\/wp-content\/uploads\/2026\/02\/logo_72.jpg\",\"width\":800,\"height\":474,\"caption\":\"COLLECTIF LA MACHINERIE\"},\"image\":{\"@id\":\"https:\/\/lamachinerie.fr\/site\/#logo\"}},{\"@type\":\"WebSite\",\"@id\":\"https:\/\/lamachinerie.fr\/site\/#website\",\"url\":\"https:\/\/lamachinerie.fr\/site\/\",\"name\":\"collectif la machinerie - fabrications sc\u00e9niques et musicales\",\"description\":\"fabrications sc\u00e9niques et musicales\",\"publisher\":{\"@id\":\"https:\/\/lamachinerie.fr\/site\/#organization\"},\"potentialAction\":[{\"@type\":\"SearchAction\",\"target\":{\"@type\":\"EntryPoint\",\"urlTemplate\":\"https:\/\/lamachinerie.fr\/site\/?s={search_term_string}\"},\"query-input\":\"required name=search_term_string\"}],\"inLanguage\":\"fr-FR\"},{\"@type\":\"ImageObject\",\"@id\":\"https:\/\/lamachinerie.fr\/site\/?page_id=190#primaryimage\",\"inLanguage\":\"fr-FR\",\"url\":\"https:\/\/lamachinerie.fr\/site\/wp-content\/uploads\/2025\/03\/Vintage-Wolf-Image-GraphicsFairy2.png\",\"contentUrl\":\"https:\/\/lamachinerie.fr\/site\/wp-content\/uploads\/2025\/03\/Vintage-Wolf-Image-GraphicsFairy2.png\",\"width\":1500,\"height\":695},{\"@type\":\"WebPage\",\"@id\":\"https:\/\/lamachinerie.fr\/site\/?page_id=190#webpage\",\"url\":\"https:\/\/lamachinerie.fr\/site\/?page_id=190\",\"name\":\"presse - collectif la machinerie - fabrications sc\u00e9niques et musicales\",\"isPartOf\":{\"@id\":\"https:\/\/lamachinerie.fr\/site\/#website\"},\"primaryImageOfPage\":{\"@id\":\"https:\/\/lamachinerie.fr\/site\/?page_id=190#primaryimage\"},\"datePublished\":\"2025-04-10T16:47:51+00:00\",\"dateModified\":\"2025-04-14T22:21:58+00:00\",\"breadcrumb\":{\"@id\":\"https:\/\/lamachinerie.fr\/site\/?page_id=190#breadcrumb\"},\"inLanguage\":\"fr-FR\",\"potentialAction\":[{\"@type\":\"ReadAction\",\"target\":[\"https:\/\/lamachinerie.fr\/site\/?page_id=190\"]}]},{\"@type\":\"BreadcrumbList\",\"@id\":\"https:\/\/lamachinerie.fr\/site\/?page_id=190#breadcrumb\",\"itemListElement\":[{\"@type\":\"ListItem\",\"position\":1,\"name\":\"Accueil\",\"item\":\"https:\/\/lamachinerie.fr\/site\"},{\"@type\":\"ListItem\",\"position\":2,\"name\":\"presse\"}]}]}<\/script>\n<!-- \/ Yoast SEO plugin. -->","yoast_head_json":{"robots":{"index":"index","follow":"follow","max-snippet":"max-snippet:-1","max-image-preview":"max-image-preview:large","max-video-preview":"max-video-preview:-1"},"canonical":"https:\/\/lamachinerie.fr\/site\/?page_id=190","og_locale":"fr_FR","og_type":"article","og_title":"presse - collectif la machinerie - fabrications sc\u00e9niques et musicales","og_description":"\u00abLe Collectif lamachinerie porte bien son nom : ils sont plusieurs, pas toujours les m\u00eames, \u00e0 machiner ensemble des objets, disons, des spectacles qui ne ressemblent \u00e0 rien et qui ne cherchent pas \u00e0 ressembler, sinon \u00e0 ce qui leur tient \u00e0 coeur (et \u00e0 cris), l\u00e0, maintenant, au moment o\u00f9 ils sont en train [&hellip;]","og_url":"https:\/\/lamachinerie.fr\/site\/?page_id=190","og_site_name":"collectif la machinerie - fabrications sc\u00e9niques et musicales","article_modified_time":"2025-04-14T22:21:58+00:00","og_image":[{"url":"https:\/\/lamachinerie.fr\/site\/wp-content\/uploads\/2025\/03\/Vintage-Wolf-Image-GraphicsFairy2-1024x474.png"}],"twitter_card":"summary_large_image","schema":{"@context":"https:\/\/schema.org","@graph":[{"@type":"Organization","@id":"https:\/\/lamachinerie.fr\/site\/#organization","name":"COLLECTIF LA MACHINERIE","url":"https:\/\/lamachinerie.fr\/site\/","sameAs":[],"logo":{"@type":"ImageObject","@id":"https:\/\/lamachinerie.fr\/site\/#logo","inLanguage":"fr-FR","url":"https:\/\/lamachinerie.fr\/site\/wp-content\/uploads\/2026\/02\/logo_72.jpg","contentUrl":"https:\/\/lamachinerie.fr\/site\/wp-content\/uploads\/2026\/02\/logo_72.jpg","width":800,"height":474,"caption":"COLLECTIF LA MACHINERIE"},"image":{"@id":"https:\/\/lamachinerie.fr\/site\/#logo"}},{"@type":"WebSite","@id":"https:\/\/lamachinerie.fr\/site\/#website","url":"https:\/\/lamachinerie.fr\/site\/","name":"collectif la machinerie - fabrications sc\u00e9niques et musicales","description":"fabrications sc\u00e9niques et musicales","publisher":{"@id":"https:\/\/lamachinerie.fr\/site\/#organization"},"potentialAction":[{"@type":"SearchAction","target":{"@type":"EntryPoint","urlTemplate":"https:\/\/lamachinerie.fr\/site\/?s={search_term_string}"},"query-input":"required name=search_term_string"}],"inLanguage":"fr-FR"},{"@type":"ImageObject","@id":"https:\/\/lamachinerie.fr\/site\/?page_id=190#primaryimage","inLanguage":"fr-FR","url":"https:\/\/lamachinerie.fr\/site\/wp-content\/uploads\/2025\/03\/Vintage-Wolf-Image-GraphicsFairy2.png","contentUrl":"https:\/\/lamachinerie.fr\/site\/wp-content\/uploads\/2025\/03\/Vintage-Wolf-Image-GraphicsFairy2.png","width":1500,"height":695},{"@type":"WebPage","@id":"https:\/\/lamachinerie.fr\/site\/?page_id=190#webpage","url":"https:\/\/lamachinerie.fr\/site\/?page_id=190","name":"presse - collectif la machinerie - fabrications sc\u00e9niques et musicales","isPartOf":{"@id":"https:\/\/lamachinerie.fr\/site\/#website"},"primaryImageOfPage":{"@id":"https:\/\/lamachinerie.fr\/site\/?page_id=190#primaryimage"},"datePublished":"2025-04-10T16:47:51+00:00","dateModified":"2025-04-14T22:21:58+00:00","breadcrumb":{"@id":"https:\/\/lamachinerie.fr\/site\/?page_id=190#breadcrumb"},"inLanguage":"fr-FR","potentialAction":[{"@type":"ReadAction","target":["https:\/\/lamachinerie.fr\/site\/?page_id=190"]}]},{"@type":"BreadcrumbList","@id":"https:\/\/lamachinerie.fr\/site\/?page_id=190#breadcrumb","itemListElement":[{"@type":"ListItem","position":1,"name":"Accueil","item":"https:\/\/lamachinerie.fr\/site"},{"@type":"ListItem","position":2,"name":"presse"}]}]}},"_links":{"self":[{"href":"https:\/\/lamachinerie.fr\/site\/index.php?rest_route=\/wp\/v2\/pages\/190"}],"collection":[{"href":"https:\/\/lamachinerie.fr\/site\/index.php?rest_route=\/wp\/v2\/pages"}],"about":[{"href":"https:\/\/lamachinerie.fr\/site\/index.php?rest_route=\/wp\/v2\/types\/page"}],"author":[{"embeddable":true,"href":"https:\/\/lamachinerie.fr\/site\/index.php?rest_route=\/wp\/v2\/users\/1"}],"replies":[{"embeddable":true,"href":"https:\/\/lamachinerie.fr\/site\/index.php?rest_route=%2Fwp%2Fv2%2Fcomments&post=190"}],"version-history":[{"count":6,"href":"https:\/\/lamachinerie.fr\/site\/index.php?rest_route=\/wp\/v2\/pages\/190\/revisions"}],"predecessor-version":[{"id":350,"href":"https:\/\/lamachinerie.fr\/site\/index.php?rest_route=\/wp\/v2\/pages\/190\/revisions\/350"}],"wp:attachment":[{"href":"https:\/\/lamachinerie.fr\/site\/index.php?rest_route=%2Fwp%2Fv2%2Fmedia&parent=190"}],"curies":[{"name":"wp","href":"https:\/\/api.w.org\/{rel}","templated":true}]}}