{"id":357,"date":"2025-04-15T00:51:46","date_gmt":"2025-04-14T22:51:46","guid":{"rendered":"https:\/\/lamachinerie.fr\/site\/?page_id=357"},"modified":"2025-04-15T01:00:56","modified_gmt":"2025-04-14T23:00:56","slug":"chasser-limpossible-snark","status":"publish","type":"page","link":"https:\/\/lamachinerie.fr\/site\/?page_id=357","title":{"rendered":"chasser l&rsquo;impossible snark"},"content":{"rendered":"\n<div class=\"wp-block-group is-vertical is-layout-flex wp-container-core-group-is-layout-1 wp-block-group-is-layout-flex\">\n<figure class=\"wp-block-image size-full is-resized\"><img loading=\"lazy\" decoding=\"async\" width=\"800\" height=\"533\" src=\"https:\/\/lamachinerie.fr\/site\/wp-content\/uploads\/2025\/04\/VISUEL_KAB_3.jpg\" alt=\"\" class=\"wp-image-225\" style=\"width:521px;height:auto\" srcset=\"https:\/\/lamachinerie.fr\/site\/wp-content\/uploads\/2025\/04\/VISUEL_KAB_3.jpg 800w, https:\/\/lamachinerie.fr\/site\/wp-content\/uploads\/2025\/04\/VISUEL_KAB_3-300x200.jpg 300w, https:\/\/lamachinerie.fr\/site\/wp-content\/uploads\/2025\/04\/VISUEL_KAB_3-768x512.jpg 768w\" sizes=\"(max-width: 800px) 100vw, 800px\" \/><\/figure>\n\n\n\n<p class=\"has-body-font-family\" style=\"font-size:13px;font-style:normal;font-weight:100\">Une qu\u00eate abyssale et intime et par l\u00e0-m\u00eame, universelle.<br>Celle de chercher une chose, myst\u00e9rieuse, fabuleuse, mythique ou mythologique, aux noms multiples mais innommable, dont on ne sait pas quelle est sa forme exacte, dans quelle zone g\u00e9ographique elle se trouve, si elle se laissera approcher. Ce que l&rsquo;on sait, ou plut\u00f4t l&rsquo;on sent, c&rsquo;est sa tr\u00e8s grande \u00ab valeur \u00bb, et qui n&rsquo;est pas une valeur marchande. On sait qu&rsquo;\u00e0 un moment de sa vie, il faut la trouver. Cela rev\u00eat une importance fondamentale. Une urgence absolue. Car c&rsquo;est comme se trouver soi-m\u00eame.<\/p>\n<\/div>\n\n\n\n<p class=\"has-body-font-family\" style=\"font-size:13px;font-style:normal;font-weight:100\">Le \u00abSnark\u00bb est un alter-ego. Un autre soi-m\u00eame, mais qui se serait trouv\u00e9 lui-m\u00eame, qui se suffirait \u00e0 lui-m\u00eame en quelque sorte ; alors que chacun de nous, dans son extr\u00eame faiblesse humaine, a besoin d&rsquo;un autre, ou de quelque chose d&rsquo;autre pour se sentir exister pleinement. Etre possiblement perfectible ou d\u00e9finitivement imparfait ? La vie est-elle constitutive de cette imperfection m\u00eame ? Cette chasse \u00e0 la B\u00eate Fabuleuse se transforme donc insidieusement mais automatiquement en chasse \u00e0 l&rsquo;homme, une chasse \u00e0 soi.<\/p>\n\n\n\n<p class=\"has-body-font-family\" style=\"font-size:13px;font-style:normal;font-weight:100\">L&rsquo;ambiguit\u00e9 de cette chasse-poursuite serait de trouver comme Th\u00e9s\u00e9e dans le labyrinthe, un \u00eatre monstrueux, mi-homme mi-b\u00eate (le Minotaure), et non pas son double id\u00e9al. Ou serait-ce que le Monstre est justement cette part cach\u00e9e de nous-m\u00eames qu&rsquo;il nous faudra in\u00e9vitablement affronter \u00e0 un moment ou \u00e0 un autre de notre existence ?<\/p>\n\n\n\n<figure class=\"wp-block-gallery has-nested-images columns-default is-cropped wp-block-gallery-1 is-layout-flex wp-block-gallery-is-layout-flex\">\n<figure class=\"wp-block-image size-large\"><img loading=\"lazy\" decoding=\"async\" width=\"1024\" height=\"683\" data-id=\"359\" src=\"https:\/\/lamachinerie.fr\/site\/wp-content\/uploads\/2025\/04\/MG_0913-1024x683.jpg\" alt=\"\" class=\"wp-image-359\" srcset=\"https:\/\/lamachinerie.fr\/site\/wp-content\/uploads\/2025\/04\/MG_0913-1024x683.jpg 1024w, https:\/\/lamachinerie.fr\/site\/wp-content\/uploads\/2025\/04\/MG_0913-300x200.jpg 300w, https:\/\/lamachinerie.fr\/site\/wp-content\/uploads\/2025\/04\/MG_0913-768x512.jpg 768w, https:\/\/lamachinerie.fr\/site\/wp-content\/uploads\/2025\/04\/MG_0913.jpg 1123w\" sizes=\"(max-width: 1024px) 100vw, 1024px\" \/><\/figure>\n\n\n\n<figure class=\"wp-block-image size-large\"><img loading=\"lazy\" decoding=\"async\" width=\"1024\" height=\"683\" data-id=\"360\" src=\"https:\/\/lamachinerie.fr\/site\/wp-content\/uploads\/2025\/04\/MG_0914-1024x683.jpg\" alt=\"\" class=\"wp-image-360\" srcset=\"https:\/\/lamachinerie.fr\/site\/wp-content\/uploads\/2025\/04\/MG_0914-1024x683.jpg 1024w, https:\/\/lamachinerie.fr\/site\/wp-content\/uploads\/2025\/04\/MG_0914-300x200.jpg 300w, https:\/\/lamachinerie.fr\/site\/wp-content\/uploads\/2025\/04\/MG_0914-768x512.jpg 768w, https:\/\/lamachinerie.fr\/site\/wp-content\/uploads\/2025\/04\/MG_0914.jpg 1123w\" sizes=\"(max-width: 1024px) 100vw, 1024px\" \/><\/figure>\n\n\n\n<figure class=\"wp-block-image size-large\"><img loading=\"lazy\" decoding=\"async\" width=\"1024\" height=\"683\" data-id=\"361\" src=\"https:\/\/lamachinerie.fr\/site\/wp-content\/uploads\/2025\/04\/MG_0917-1024x683.jpg\" alt=\"\" class=\"wp-image-361\" srcset=\"https:\/\/lamachinerie.fr\/site\/wp-content\/uploads\/2025\/04\/MG_0917-1024x683.jpg 1024w, https:\/\/lamachinerie.fr\/site\/wp-content\/uploads\/2025\/04\/MG_0917-300x200.jpg 300w, https:\/\/lamachinerie.fr\/site\/wp-content\/uploads\/2025\/04\/MG_0917-768x512.jpg 768w, https:\/\/lamachinerie.fr\/site\/wp-content\/uploads\/2025\/04\/MG_0917.jpg 1123w\" sizes=\"(max-width: 1024px) 100vw, 1024px\" \/><\/figure>\n\n\n\n<figure class=\"wp-block-image size-large\"><img loading=\"lazy\" decoding=\"async\" width=\"1024\" height=\"683\" data-id=\"362\" src=\"https:\/\/lamachinerie.fr\/site\/wp-content\/uploads\/2025\/04\/MG_0931-1024x683.jpg\" alt=\"\" class=\"wp-image-362\" srcset=\"https:\/\/lamachinerie.fr\/site\/wp-content\/uploads\/2025\/04\/MG_0931-1024x683.jpg 1024w, https:\/\/lamachinerie.fr\/site\/wp-content\/uploads\/2025\/04\/MG_0931-300x200.jpg 300w, https:\/\/lamachinerie.fr\/site\/wp-content\/uploads\/2025\/04\/MG_0931-768x512.jpg 768w, https:\/\/lamachinerie.fr\/site\/wp-content\/uploads\/2025\/04\/MG_0931.jpg 1123w\" sizes=\"(max-width: 1024px) 100vw, 1024px\" \/><\/figure>\n\n\n\n<figure class=\"wp-block-image size-large\"><img loading=\"lazy\" decoding=\"async\" width=\"1024\" height=\"683\" data-id=\"363\" src=\"https:\/\/lamachinerie.fr\/site\/wp-content\/uploads\/2025\/04\/MG_0935-1024x683.jpg\" alt=\"\" class=\"wp-image-363\" srcset=\"https:\/\/lamachinerie.fr\/site\/wp-content\/uploads\/2025\/04\/MG_0935-1024x683.jpg 1024w, https:\/\/lamachinerie.fr\/site\/wp-content\/uploads\/2025\/04\/MG_0935-300x200.jpg 300w, https:\/\/lamachinerie.fr\/site\/wp-content\/uploads\/2025\/04\/MG_0935-768x512.jpg 768w, https:\/\/lamachinerie.fr\/site\/wp-content\/uploads\/2025\/04\/MG_0935.jpg 1123w\" sizes=\"(max-width: 1024px) 100vw, 1024px\" \/><\/figure>\n<\/figure>\n\n\n\n<figure class=\"wp-block-embed is-type-video is-provider-vimeo wp-block-embed-vimeo wp-embed-aspect-16-9 wp-has-aspect-ratio\"><div class=\"wp-block-embed__wrapper\">\n<iframe loading=\"lazy\" title=\"crypte\" src=\"https:\/\/player.vimeo.com\/video\/111796335?dnt=1&amp;app_id=122963\" width=\"500\" height=\"281\" frameborder=\"0\" allow=\"autoplay; fullscreen; picture-in-picture; clipboard-write; encrypted-media\"><\/iframe>\n<\/div><\/figure>\n\n\n\n<figure class=\"wp-block-embed is-type-video is-provider-vimeo wp-block-embed-vimeo wp-embed-aspect-16-9 wp-has-aspect-ratio\"><div class=\"wp-block-embed__wrapper\">\n<iframe loading=\"lazy\" title=\"couloir\" src=\"https:\/\/player.vimeo.com\/video\/111795778?dnt=1&amp;app_id=122963\" width=\"500\" height=\"281\" frameborder=\"0\" allow=\"autoplay; fullscreen; picture-in-picture; clipboard-write; encrypted-media\"><\/iframe>\n<\/div><\/figure>\n\n\n\n<figure class=\"wp-block-embed is-type-video is-provider-vimeo wp-block-embed-vimeo wp-embed-aspect-16-9 wp-has-aspect-ratio\"><div class=\"wp-block-embed__wrapper\">\n<iframe loading=\"lazy\" title=\"escalier\" src=\"https:\/\/player.vimeo.com\/video\/111795318?dnt=1&amp;app_id=122963\" width=\"500\" height=\"281\" frameborder=\"0\" allow=\"autoplay; fullscreen; picture-in-picture; clipboard-write; encrypted-media\"><\/iframe>\n<\/div><\/figure>\n","protected":false},"excerpt":{"rendered":"<p>Une qu\u00eate abyssale et intime et par l\u00e0-m\u00eame, universelle.Celle de chercher une chose, myst\u00e9rieuse, fabuleuse, mythique ou mythologique, aux noms multiples mais innommable, dont on ne sait pas quelle est sa forme exacte, dans quelle zone g\u00e9ographique elle se trouve, si elle se laissera approcher. Ce que l&rsquo;on sait, ou plut\u00f4t l&rsquo;on sent, c&rsquo;est sa [&hellip;]<\/p>\n","protected":false},"author":1,"featured_media":0,"parent":0,"menu_order":0,"comment_status":"closed","ping_status":"closed","template":"","meta":{"footnotes":""},"yoast_head":"<!-- This site is optimized with the Yoast SEO plugin v18.0 - https:\/\/yoast.com\/wordpress\/plugins\/seo\/ -->\n<meta name=\"robots\" content=\"index, follow, max-snippet:-1, max-image-preview:large, max-video-preview:-1\" \/>\n<link rel=\"canonical\" href=\"https:\/\/lamachinerie.fr\/site\/?page_id=357\" \/>\n<meta property=\"og:locale\" content=\"fr_FR\" \/>\n<meta property=\"og:type\" content=\"article\" \/>\n<meta property=\"og:title\" content=\"chasser l&#039;impossible snark - collectif la machinerie - fabrications sc\u00e9niques et musicales\" \/>\n<meta property=\"og:description\" content=\"Une qu\u00eate abyssale et intime et par l\u00e0-m\u00eame, universelle.Celle de chercher une chose, myst\u00e9rieuse, fabuleuse, mythique ou mythologique, aux noms multiples mais innommable, dont on ne sait pas quelle est sa forme exacte, dans quelle zone g\u00e9ographique elle se trouve, si elle se laissera approcher. Ce que l&rsquo;on sait, ou plut\u00f4t l&rsquo;on sent, c&rsquo;est sa [&hellip;]\" \/>\n<meta property=\"og:url\" content=\"https:\/\/lamachinerie.fr\/site\/?page_id=357\" \/>\n<meta property=\"og:site_name\" content=\"collectif la machinerie - fabrications sc\u00e9niques et musicales\" \/>\n<meta property=\"article:modified_time\" content=\"2025-04-14T23:00:56+00:00\" \/>\n<meta property=\"og:image\" content=\"https:\/\/lamachinerie.fr\/site\/wp-content\/uploads\/2025\/04\/VISUEL_KAB_3.jpg\" \/>\n<meta name=\"twitter:card\" content=\"summary_large_image\" \/>\n<meta name=\"twitter:label1\" content=\"Dur\u00e9e de lecture estim\u00e9e\" \/>\n\t<meta name=\"twitter:data1\" content=\"1 minute\" \/>\n<script type=\"application\/ld+json\" class=\"yoast-schema-graph\">{\"@context\":\"https:\/\/schema.org\",\"@graph\":[{\"@type\":\"Organization\",\"@id\":\"https:\/\/lamachinerie.fr\/site\/#organization\",\"name\":\"COLLECTIF LA MACHINERIE\",\"url\":\"https:\/\/lamachinerie.fr\/site\/\",\"sameAs\":[],\"logo\":{\"@type\":\"ImageObject\",\"@id\":\"https:\/\/lamachinerie.fr\/site\/#logo\",\"inLanguage\":\"fr-FR\",\"url\":\"https:\/\/lamachinerie.fr\/site\/wp-content\/uploads\/2026\/02\/logo_72.jpg\",\"contentUrl\":\"https:\/\/lamachinerie.fr\/site\/wp-content\/uploads\/2026\/02\/logo_72.jpg\",\"width\":800,\"height\":474,\"caption\":\"COLLECTIF LA MACHINERIE\"},\"image\":{\"@id\":\"https:\/\/lamachinerie.fr\/site\/#logo\"}},{\"@type\":\"WebSite\",\"@id\":\"https:\/\/lamachinerie.fr\/site\/#website\",\"url\":\"https:\/\/lamachinerie.fr\/site\/\",\"name\":\"collectif la machinerie - fabrications sc\u00e9niques et musicales\",\"description\":\"fabrications sc\u00e9niques et musicales\",\"publisher\":{\"@id\":\"https:\/\/lamachinerie.fr\/site\/#organization\"},\"potentialAction\":[{\"@type\":\"SearchAction\",\"target\":{\"@type\":\"EntryPoint\",\"urlTemplate\":\"https:\/\/lamachinerie.fr\/site\/?s={search_term_string}\"},\"query-input\":\"required name=search_term_string\"}],\"inLanguage\":\"fr-FR\"},{\"@type\":\"ImageObject\",\"@id\":\"https:\/\/lamachinerie.fr\/site\/?page_id=357#primaryimage\",\"inLanguage\":\"fr-FR\",\"url\":\"https:\/\/lamachinerie.fr\/site\/wp-content\/uploads\/2025\/04\/VISUEL_KAB_3.jpg\",\"contentUrl\":\"https:\/\/lamachinerie.fr\/site\/wp-content\/uploads\/2025\/04\/VISUEL_KAB_3.jpg\",\"width\":800,\"height\":533},{\"@type\":\"WebPage\",\"@id\":\"https:\/\/lamachinerie.fr\/site\/?page_id=357#webpage\",\"url\":\"https:\/\/lamachinerie.fr\/site\/?page_id=357\",\"name\":\"chasser l'impossible snark - collectif la machinerie - fabrications sc\u00e9niques et musicales\",\"isPartOf\":{\"@id\":\"https:\/\/lamachinerie.fr\/site\/#website\"},\"primaryImageOfPage\":{\"@id\":\"https:\/\/lamachinerie.fr\/site\/?page_id=357#primaryimage\"},\"datePublished\":\"2025-04-14T22:51:46+00:00\",\"dateModified\":\"2025-04-14T23:00:56+00:00\",\"breadcrumb\":{\"@id\":\"https:\/\/lamachinerie.fr\/site\/?page_id=357#breadcrumb\"},\"inLanguage\":\"fr-FR\",\"potentialAction\":[{\"@type\":\"ReadAction\",\"target\":[\"https:\/\/lamachinerie.fr\/site\/?page_id=357\"]}]},{\"@type\":\"BreadcrumbList\",\"@id\":\"https:\/\/lamachinerie.fr\/site\/?page_id=357#breadcrumb\",\"itemListElement\":[{\"@type\":\"ListItem\",\"position\":1,\"name\":\"Accueil\",\"item\":\"https:\/\/lamachinerie.fr\/site\"},{\"@type\":\"ListItem\",\"position\":2,\"name\":\"chasser l&rsquo;impossible snark\"}]}]}<\/script>\n<!-- \/ Yoast SEO plugin. -->","yoast_head_json":{"robots":{"index":"index","follow":"follow","max-snippet":"max-snippet:-1","max-image-preview":"max-image-preview:large","max-video-preview":"max-video-preview:-1"},"canonical":"https:\/\/lamachinerie.fr\/site\/?page_id=357","og_locale":"fr_FR","og_type":"article","og_title":"chasser l'impossible snark - collectif la machinerie - fabrications sc\u00e9niques et musicales","og_description":"Une qu\u00eate abyssale et intime et par l\u00e0-m\u00eame, universelle.Celle de chercher une chose, myst\u00e9rieuse, fabuleuse, mythique ou mythologique, aux noms multiples mais innommable, dont on ne sait pas quelle est sa forme exacte, dans quelle zone g\u00e9ographique elle se trouve, si elle se laissera approcher. Ce que l&rsquo;on sait, ou plut\u00f4t l&rsquo;on sent, c&rsquo;est sa [&hellip;]","og_url":"https:\/\/lamachinerie.fr\/site\/?page_id=357","og_site_name":"collectif la machinerie - fabrications sc\u00e9niques et musicales","article_modified_time":"2025-04-14T23:00:56+00:00","og_image":[{"url":"https:\/\/lamachinerie.fr\/site\/wp-content\/uploads\/2025\/04\/VISUEL_KAB_3.jpg"}],"twitter_card":"summary_large_image","twitter_misc":{"Dur\u00e9e de lecture estim\u00e9e":"1 minute"},"schema":{"@context":"https:\/\/schema.org","@graph":[{"@type":"Organization","@id":"https:\/\/lamachinerie.fr\/site\/#organization","name":"COLLECTIF LA MACHINERIE","url":"https:\/\/lamachinerie.fr\/site\/","sameAs":[],"logo":{"@type":"ImageObject","@id":"https:\/\/lamachinerie.fr\/site\/#logo","inLanguage":"fr-FR","url":"https:\/\/lamachinerie.fr\/site\/wp-content\/uploads\/2026\/02\/logo_72.jpg","contentUrl":"https:\/\/lamachinerie.fr\/site\/wp-content\/uploads\/2026\/02\/logo_72.jpg","width":800,"height":474,"caption":"COLLECTIF LA MACHINERIE"},"image":{"@id":"https:\/\/lamachinerie.fr\/site\/#logo"}},{"@type":"WebSite","@id":"https:\/\/lamachinerie.fr\/site\/#website","url":"https:\/\/lamachinerie.fr\/site\/","name":"collectif la machinerie - fabrications sc\u00e9niques et musicales","description":"fabrications sc\u00e9niques et musicales","publisher":{"@id":"https:\/\/lamachinerie.fr\/site\/#organization"},"potentialAction":[{"@type":"SearchAction","target":{"@type":"EntryPoint","urlTemplate":"https:\/\/lamachinerie.fr\/site\/?s={search_term_string}"},"query-input":"required name=search_term_string"}],"inLanguage":"fr-FR"},{"@type":"ImageObject","@id":"https:\/\/lamachinerie.fr\/site\/?page_id=357#primaryimage","inLanguage":"fr-FR","url":"https:\/\/lamachinerie.fr\/site\/wp-content\/uploads\/2025\/04\/VISUEL_KAB_3.jpg","contentUrl":"https:\/\/lamachinerie.fr\/site\/wp-content\/uploads\/2025\/04\/VISUEL_KAB_3.jpg","width":800,"height":533},{"@type":"WebPage","@id":"https:\/\/lamachinerie.fr\/site\/?page_id=357#webpage","url":"https:\/\/lamachinerie.fr\/site\/?page_id=357","name":"chasser l'impossible snark - collectif la machinerie - fabrications sc\u00e9niques et musicales","isPartOf":{"@id":"https:\/\/lamachinerie.fr\/site\/#website"},"primaryImageOfPage":{"@id":"https:\/\/lamachinerie.fr\/site\/?page_id=357#primaryimage"},"datePublished":"2025-04-14T22:51:46+00:00","dateModified":"2025-04-14T23:00:56+00:00","breadcrumb":{"@id":"https:\/\/lamachinerie.fr\/site\/?page_id=357#breadcrumb"},"inLanguage":"fr-FR","potentialAction":[{"@type":"ReadAction","target":["https:\/\/lamachinerie.fr\/site\/?page_id=357"]}]},{"@type":"BreadcrumbList","@id":"https:\/\/lamachinerie.fr\/site\/?page_id=357#breadcrumb","itemListElement":[{"@type":"ListItem","position":1,"name":"Accueil","item":"https:\/\/lamachinerie.fr\/site"},{"@type":"ListItem","position":2,"name":"chasser l&rsquo;impossible snark"}]}]}},"_links":{"self":[{"href":"https:\/\/lamachinerie.fr\/site\/index.php?rest_route=\/wp\/v2\/pages\/357"}],"collection":[{"href":"https:\/\/lamachinerie.fr\/site\/index.php?rest_route=\/wp\/v2\/pages"}],"about":[{"href":"https:\/\/lamachinerie.fr\/site\/index.php?rest_route=\/wp\/v2\/types\/page"}],"author":[{"embeddable":true,"href":"https:\/\/lamachinerie.fr\/site\/index.php?rest_route=\/wp\/v2\/users\/1"}],"replies":[{"embeddable":true,"href":"https:\/\/lamachinerie.fr\/site\/index.php?rest_route=%2Fwp%2Fv2%2Fcomments&post=357"}],"version-history":[{"count":5,"href":"https:\/\/lamachinerie.fr\/site\/index.php?rest_route=\/wp\/v2\/pages\/357\/revisions"}],"predecessor-version":[{"id":368,"href":"https:\/\/lamachinerie.fr\/site\/index.php?rest_route=\/wp\/v2\/pages\/357\/revisions\/368"}],"wp:attachment":[{"href":"https:\/\/lamachinerie.fr\/site\/index.php?rest_route=%2Fwp%2Fv2%2Fmedia&parent=357"}],"curies":[{"name":"wp","href":"https:\/\/api.w.org\/{rel}","templated":true}]}}